{"id":2,"date":"2024-04-10T16:31:29","date_gmt":"2024-04-10T14:31:29","guid":{"rendered":"http:\/\/occitania-football.com\/?page_id=2"},"modified":"2024-04-15T16:27:42","modified_gmt":"2024-04-15T14:27:42","slug":"historique","status":"publish","type":"page","link":"https:\/\/occitania-football.com\/","title":{"rendered":"Historique"},"content":{"rendered":"<p>[et_pb_section fb_built=\u00a0\u00bb1&Prime; _builder_version=\u00a0\u00bb4.24.3&Prime; background_image=\u00a0\u00bbhttp:\/\/occitania-football.com\/wp-content\/uploads\/2024\/04\/equippe-occitanie.webp\u00a0\u00bb min_height=\u00a0\u00bb690px\u00a0\u00bb animation_style=\u00a0\u00bbfade\u00a0\u00bb hover_enabled=\u00a0\u00bb0&Prime; global_colors_info=\u00a0\u00bb{}\u00a0\u00bb min_height_last_edited=\u00a0\u00bbon|phone\u00a0\u00bb sticky_enabled=\u00a0\u00bb0&Prime; min_height_tablet=\u00a0\u00bb690px\u00a0\u00bb min_height_phone=\u00a0\u00bb690px\u00a0\u00bb][et_pb_row _builder_version=\u00a0\u00bb4.16&Prime; background_size=\u00a0\u00bbinitial\u00a0\u00bb background_position=\u00a0\u00bbtop_left\u00a0\u00bb background_repeat=\u00a0\u00bbrepeat\u00a0\u00bb global_colors_info=\u00a0\u00bb{}\u00a0\u00bb][et_pb_column type=\u00a0\u00bb4_4&Prime; _builder_version=\u00a0\u00bb4.16&Prime; custom_padding=\u00a0\u00bb|||\u00a0\u00bb global_colors_info=\u00a0\u00bb{}\u00a0\u00bb custom_padding__hover=\u00a0\u00bb|||\u00a0\u00bb][et_pb_text _builder_version=\u00a0\u00bb4.24.3&Prime; background_size=\u00a0\u00bbinitial\u00a0\u00bb background_position=\u00a0\u00bbtop_left\u00a0\u00bb background_repeat=\u00a0\u00bbrepeat\u00a0\u00bb custom_margin=\u00a0\u00bb280px|||||\u00a0\u00bb global_colors_info=\u00a0\u00bb{}\u00a0\u00bb]<!-- divi:paragraph --><\/p>\n<p style=\"text-align: center;\"><span style=\"font-size: xx-large;\"><strong><span style=\"color: #ffffff;\">\u201cOsca Occit\u00e0nia\u201d<\/span><\/strong><\/span><\/p>\n<p><!-- \/divi:paragraph -->[\/et_pb_text][\/et_pb_column][\/et_pb_row][et_pb_row _builder_version=\u00a0\u00bb4.24.3&Prime; _module_preset=\u00a0\u00bbdefault\u00a0\u00bb custom_margin=\u00a0\u00bb||||false|false\u00a0\u00bb global_colors_info=\u00a0\u00bb{}\u00a0\u00bb][et_pb_column type=\u00a0\u00bb4_4&Prime; _builder_version=\u00a0\u00bb4.24.3&Prime; _module_preset=\u00a0\u00bbdefault\u00a0\u00bb global_colors_info=\u00a0\u00bb{}\u00a0\u00bb][et_pb_image src=\u00a0\u00bbhttp:\/\/occitania-football.com\/wp-content\/uploads\/2024\/04\/Logo-AOF-couleur-estampille.png\u00a0\u00bb title_text=\u00a0\u00bbLogo AOF couleur estampille\u00a0\u00bb show_bottom_space=\u00a0\u00bboff\u00a0\u00bb align=\u00a0\u00bbcenter\u00a0\u00bb _builder_version=\u00a0\u00bb4.24.3&Prime; _module_preset=\u00a0\u00bbdefault\u00a0\u00bb min_height=\u00a0\u00bb179px\u00a0\u00bb custom_margin=\u00a0\u00bb||-90px||false|false\u00a0\u00bb custom_padding=\u00a0\u00bb||||false|false\u00a0\u00bb hover_enabled=\u00a0\u00bb0&Prime; global_colors_info=\u00a0\u00bb{}\u00a0\u00bb sticky_enabled=\u00a0\u00bb0&Prime;][\/et_pb_image][\/et_pb_column][\/et_pb_row][\/et_pb_section][et_pb_section fb_built=\u00a0\u00bb1&Prime; _builder_version=\u00a0\u00bb4.16&Prime; global_colors_info=\u00a0\u00bb{}\u00a0\u00bb][et_pb_row _builder_version=\u00a0\u00bb4.24.3&Prime; background_size=\u00a0\u00bbinitial\u00a0\u00bb background_position=\u00a0\u00bbtop_left\u00a0\u00bb background_repeat=\u00a0\u00bbrepeat\u00a0\u00bb custom_margin=\u00a0\u00bb79px|auto||auto||\u00a0\u00bb custom_margin_tablet=\u00a0\u00bb49px||||false|false\u00a0\u00bb custom_margin_phone=\u00a0\u00bb59px||||false|false\u00a0\u00bb custom_margin_last_edited=\u00a0\u00bbon|phone\u00a0\u00bb hover_enabled=\u00a0\u00bb0&Prime; global_colors_info=\u00a0\u00bb{}\u00a0\u00bb sticky_enabled=\u00a0\u00bb0&Prime;][et_pb_column type=\u00a0\u00bb4_4&Prime; _builder_version=\u00a0\u00bb4.16&Prime; custom_padding=\u00a0\u00bb|||\u00a0\u00bb global_colors_info=\u00a0\u00bb{}\u00a0\u00bb custom_padding__hover=\u00a0\u00bb|||\u00a0\u00bb][et_pb_text _builder_version=\u00a0\u00bb4.16&Prime; background_size=\u00a0\u00bbinitial\u00a0\u00bb background_position=\u00a0\u00bbtop_left\u00a0\u00bb background_repeat=\u00a0\u00bbrepeat\u00a0\u00bb global_colors_info=\u00a0\u00bb{}\u00a0\u00bb]<!-- divi:paragraph --><\/p>\n<p>L\u2019Association Occitana de Football a \u00e9t\u00e9 fond\u00e9e en 2004 par P\u00e8ire Costa, dans le but de f\u00e9d\u00e9rer les diff\u00e9rentes initiatives en faveur de l\u2019identit\u00e9 occitane \u00e0 travers le football. Les s\u00e9lections masculine et f\u00e9minine repr\u00e9sentent et promut la culture occitane lors des diff\u00e9rentes comp\u00e9titions. \u00c0 ce titre, elle a \u00e9t\u00e9 membre de la NF Board jusqu\u2019en 2013 et a particip\u00e9 \u00e0 quatre Viva World Cup. En 2014, elle rejoint la ConIFA et participe \u00e0 la premi\u00e8re Coupe du monde de football ConIFA en Su\u00e8de. Elle est \u00e9galement membre de l&rsquo;Union f\u00e9d\u00e9raliste des communaut\u00e9s ethniques europ\u00e9ennes.<\/p>\n<p>[\/et_pb_text][\/et_pb_column][\/et_pb_row][et_pb_row _builder_version=\u00a0\u00bb4.24.3&Prime; _module_preset=\u00a0\u00bbdefault\u00a0\u00bb global_colors_info=\u00a0\u00bb{}\u00a0\u00bb][et_pb_column type=\u00a0\u00bb4_4&Prime; _builder_version=\u00a0\u00bb4.24.3&Prime; _module_preset=\u00a0\u00bbdefault\u00a0\u00bb global_colors_info=\u00a0\u00bb{}\u00a0\u00bb][et_pb_image src=\u00a0\u00bbhttp:\/\/occitania-football.com\/wp-content\/uploads\/2024\/04\/photo-kurdistan.webp\u00a0\u00bb title_text=\u00a0\u00bbphoto kurdistan\u00a0\u00bb _builder_version=\u00a0\u00bb4.24.3&Prime; _module_preset=\u00a0\u00bbdefault\u00a0\u00bb custom_margin=\u00a0\u00bb27px|||||\u00a0\u00bb global_colors_info=\u00a0\u00bb{}\u00a0\u00bb][\/et_pb_image][et_pb_text _builder_version=\u00a0\u00bb4.16&Prime; background_size=\u00a0\u00bbinitial\u00a0\u00bb background_position=\u00a0\u00bbtop_left\u00a0\u00bb background_repeat=\u00a0\u00bbrepeat\u00a0\u00bb custom_margin=\u00a0\u00bb-20px|||||\u00a0\u00bb global_colors_info=\u00a0\u00bb{}\u00a0\u00bb]<!-- divi:paragraph --><\/p>\n<p>La s\u00e9lection occitane \u00e0 la cinqui\u00e8me VIVA World Cup, au Kurdistan irakien (Irak), en 2012.<\/p>\n<p>[\/et_pb_text][\/et_pb_column][\/et_pb_row][et_pb_row _builder_version=\u00a0\u00bb4.24.3&Prime; _module_preset=\u00a0\u00bbdefault\u00a0\u00bb custom_margin=\u00a0\u00bb30px|auto||auto||\u00a0\u00bb global_colors_info=\u00a0\u00bb{}\u00a0\u00bb][et_pb_column type=\u00a0\u00bb4_4&Prime; _builder_version=\u00a0\u00bb4.24.3&Prime; _module_preset=\u00a0\u00bbdefault\u00a0\u00bb global_colors_info=\u00a0\u00bb{}\u00a0\u00bb][et_pb_text _builder_version=\u00a0\u00bb4.16&Prime; background_size=\u00a0\u00bbinitial\u00a0\u00bb background_position=\u00a0\u00bbtop_left\u00a0\u00bb background_repeat=\u00a0\u00bbrepeat\u00a0\u00bb global_colors_info=\u00a0\u00bb{}\u00a0\u00bb]<!-- divi:paragraph --><\/p>\n<p><span style=\"font-size: x-large;\"><strong>HISTORIQUE<\/strong><\/span><\/p>\n<p>[\/et_pb_text][et_pb_text _builder_version=\u00a0\u00bb4.16&Prime; background_size=\u00a0\u00bbinitial\u00a0\u00bb background_position=\u00a0\u00bbtop_left\u00a0\u00bb background_repeat=\u00a0\u00bbrepeat\u00a0\u00bb global_colors_info=\u00a0\u00bb{}\u00a0\u00bb]<!-- divi:paragraph --><\/p>\n<p>En 2005, la s\u00e9lection masculine dispute son premier match \u00e0 B\u00e9ziers contre l&rsquo;\u00e9quipe de Monaco (score 0-0), \u00e9galement une s\u00e9lection nationale membre du NF Board.<\/p>\n<p>En 2006, l\u2019AOF organise la premi\u00e8re VIVA World Cup (Coupe du Monde) et termine troisi\u00e8me.<\/p>\n<p>En 2008, elle participe \u00e0 la premi\u00e8re Europeada (Coupe d\u2019Europe). Cette comp\u00e9tition europ\u00e9enne est organis\u00e9e tous les 4 ans et permet aux minorit\u00e9s linguistiques et ethniques, de promouvoir leur culture. La s\u00e9lection d&rsquo;Occitanie perd en quart de finale.<\/p>\n<p>En 2009, elle participe \u00e0 la troisi\u00e8me VIVA World Cup, en Italie. Elle terminera cinqui\u00e8me.<\/p>\n<p>En 2010, l&rsquo;Occitanie participe \u00e0 la quatri\u00e8me VIVA World Cup, \u00e0 Malte. Elle termine \u00e0 la troisi\u00e8me place.<\/p>\n<p>En 2012, la s\u00e9lection participe \u00e0 la cinqui\u00e8me VIVA World Cup, au Kurdistan irakien (Irak), et terminera \u00e0 la cinqui\u00e8me place. Dans la m\u00eame ann\u00e9e, l&rsquo;Occitanie participe \u00e0 la seconde Europeada. Elle perd en quart de finale.<\/p>\n<p>En mars 2012, la s\u00e9lection rencontre en match amical l&rsquo;\u00e9quipe de Laponie, \u00e0 Toulouse et remporte la rencontre.<\/p>\n<p>En 2013, l&rsquo;Occitanie participe au tournoi de Tynwald Hill, \u00e0 l\u2019\u00cele de Man. Elle remporte le tournoi invaincu, sans prendre un seul but. L&rsquo;Occitanie quitte la NF Board.<\/p>\n<p>Fin 2013, l&rsquo;Occitanie rencontre la s\u00e9lection de Galice et remporte le match. En 2014, l&rsquo;Occitanie rejoint la ConIFA.<\/p>\n<p>En juin 2014, elle participe \u00e0 la Coupe du monde de football (ConIFA 2014), en Su\u00e8de, en Laponie. Elle terminera la comp\u00e9tition \u00e0 la septi\u00e8me place.<\/p>\n<p>Le 30 d\u00e9cembre 2014, l&rsquo;Occitanie remporte le match amical face \u00e0 l\u2019\u00cele de Man.<\/p>\n<p>En 2015, l\u2019AOF d\u00e9clare forfait pour la Coupe d&rsquo;Europe de football (Conifa 2015) faute de budget.<\/p>\n<p>En mai 2016, l\u2019Associacion Occitana de Fotb\u00f2l lance une campagne de financement participatif pour contribuer au budget des deux s\u00e9lections masculine et f\u00e9minie, pour l&rsquo;Europeada 2016, au tyrol du Sud. 3 000 euros ont \u00e9t\u00e9 r\u00e9colt\u00e9s. Ce sera la premi\u00e8re Europeada pour la s\u00e9lection f\u00e9minine.<\/p>\n<p>Les 2 s\u00e9lections arrivent en finale et finissent deuxi\u00e8mre du tournoi.<\/p>\n<p>[\/et_pb_text][et_pb_text _builder_version=\u00a0\u00bb4.24.3&Prime; background_size=\u00a0\u00bbinitial\u00a0\u00bb background_position=\u00a0\u00bbtop_left\u00a0\u00bb background_repeat=\u00a0\u00bbrepeat\u00a0\u00bb custom_margin=\u00a0\u00bb93px|||||\u00a0\u00bb global_colors_info=\u00a0\u00bb{}\u00a0\u00bb]<\/p>\n<p>La s\u00e9lection occitane \u00e0 l\u2019Europeada, au Tyrol du sud, en 2016.<\/p>\n<p>[\/et_pb_text][et_pb_image src=\u00a0\u00bbhttp:\/\/occitania-football.com\/wp-content\/uploads\/2024\/04\/IMG_1745-copie.webp\u00a0\u00bb title_text=\u00a0\u00bbIMG_1745 copie\u00a0\u00bb _builder_version=\u00a0\u00bb4.24.3&Prime; _module_preset=\u00a0\u00bbdefault\u00a0\u00bb custom_margin=\u00a0\u00bb-24px|||||\u00a0\u00bb global_colors_info=\u00a0\u00bb{}\u00a0\u00bb][\/et_pb_image][et_pb_image src=\u00a0\u00bbhttp:\/\/occitania-football.com\/wp-content\/uploads\/2024\/04\/IMG_1703-copie.webp\u00a0\u00bb title_text=\u00a0\u00bbIMG_1703 copie\u00a0\u00bb _builder_version=\u00a0\u00bb4.24.3&Prime; _module_preset=\u00a0\u00bbdefault\u00a0\u00bb custom_margin=\u00a0\u00bb-9px|||||\u00a0\u00bb global_colors_info=\u00a0\u00bb{}\u00a0\u00bb][\/et_pb_image][et_pb_image src=\u00a0\u00bbhttp:\/\/occitania-football.com\/wp-content\/uploads\/2024\/04\/Calque-946-copie.webp\u00a0\u00bb title_text=\u00a0\u00bbCalque 946 copie\u00a0\u00bb _builder_version=\u00a0\u00bb4.24.3&Prime; _module_preset=\u00a0\u00bbdefault\u00a0\u00bb custom_margin=\u00a0\u00bb-9px|||||\u00a0\u00bb global_colors_info=\u00a0\u00bb{}\u00a0\u00bb][\/et_pb_image][et_pb_image src=\u00a0\u00bbhttp:\/\/occitania-football.com\/wp-content\/uploads\/2024\/04\/IMG_1775-copie.webp\u00a0\u00bb title_text=\u00a0\u00bbIMG_1775 copie\u00a0\u00bb _builder_version=\u00a0\u00bb4.24.3&Prime; _module_preset=\u00a0\u00bbdefault\u00a0\u00bb custom_margin=\u00a0\u00bb-9px|||||\u00a0\u00bb global_colors_info=\u00a0\u00bb{}\u00a0\u00bb][\/et_pb_image][et_pb_image src=\u00a0\u00bbhttp:\/\/occitania-football.com\/wp-content\/uploads\/2024\/04\/IMG_1741-copie.webp\u00a0\u00bb title_text=\u00a0\u00bbIMG_1741 copie\u00a0\u00bb _builder_version=\u00a0\u00bb4.24.3&Prime; _module_preset=\u00a0\u00bbdefault\u00a0\u00bb custom_margin=\u00a0\u00bb-9px|||||\u00a0\u00bb global_colors_info=\u00a0\u00bb{}\u00a0\u00bb][\/et_pb_image][\/et_pb_column][\/et_pb_row][\/et_pb_section]<\/p>\n","protected":false},"excerpt":{"rendered":"<p>\u201cOsca Occit\u00e0nia\u201d L\u2019Association Occitana de Football a \u00e9t\u00e9 fond\u00e9e en 2004 par P\u00e8ire Costa, dans le but de f\u00e9d\u00e9rer les diff\u00e9rentes initiatives en faveur de l\u2019identit\u00e9 occitane \u00e0 travers le football. Les s\u00e9lections masculine et f\u00e9minine repr\u00e9sentent et promut la culture occitane lors des diff\u00e9rentes comp\u00e9titions. \u00c0 ce titre, elle a \u00e9t\u00e9 membre de la [&hellip;]<\/p>\n","protected":false},"author":1,"featured_media":0,"parent":0,"menu_order":0,"comment_status":"closed","ping_status":"closed","template":"","meta":{"_et_pb_use_builder":"on","_et_pb_old_content":"<!-- wp:paragraph -->\n<p>Ceci est une page d\u2019exemple. C\u2019est diff\u00e9rent d\u2019un article de blog parce qu\u2019elle restera au m\u00eame endroit et appara\u00eetra dans la navigation de votre site (dans la plupart des th\u00e8mes). La plupart des gens commencent par une page \u00ab\u00a0\u00c0 propos\u00a0\u00bb qui les pr\u00e9sente aux personnes visitant le site. Cela pourrait ressembler \u00e0 quelque chose comme cela\u00a0:<\/p>\n<!-- \/wp:paragraph -->\n\n<!-- wp:quote -->\n<blockquote class=\"wp-block-quote\"><p>Bonjour\u00a0! Je suis un m\u00e9canicien qui aspire \u00e0 devenir acteur, et voici mon site. J\u2019habite \u00e0 Bordeaux, j\u2019ai un super chien baptis\u00e9 Russell, et j\u2019aime la vodka (ainsi qu\u2019\u00eatre surpris par la pluie soudaine lors de longues balades sur la plage au coucher du soleil).<\/p><\/blockquote>\n<!-- \/wp:quote -->\n\n<!-- wp:paragraph -->\n<p>\u2026ou quelque chose comme cela\u00a0:<\/p>\n<!-- \/wp:paragraph -->\n\n<!-- wp:quote -->\n<blockquote class=\"wp-block-quote\"><p>La soci\u00e9t\u00e9 123 Machin Truc a \u00e9t\u00e9 cr\u00e9\u00e9e en 1971, et n\u2019a cess\u00e9 de proposer au public des machins-trucs de qualit\u00e9 depuis lors. Situ\u00e9e \u00e0 Saint-Remy-en-Bouzemont-Saint-Genest-et-Isson, 123 Machin Truc emploie 2 000 personnes, et fabrique toutes sortes de bidules supers pour la communaut\u00e9 bouzemontoise.<\/p><\/blockquote>\n<!-- \/wp:quote -->\n\n<!-- wp:paragraph -->\n<p>En tant que nouvel utilisateur ou utilisatrice de WordPress, vous devriez vous rendre sur <a href=\"http:\/\/occitania-football.com\/wp-admin\/\">votre tableau de bord<\/a> pour supprimer cette page et cr\u00e9er de nouvelles pages pour votre contenu. Amusez-vous bien\u00a0!<\/p>\n<!-- \/wp:paragraph -->","_et_gb_content_width":"","footnotes":""},"class_list":["post-2","page","type-page","status-publish","hentry"],"_links":{"self":[{"href":"https:\/\/occitania-football.com\/index.php\/wp-json\/wp\/v2\/pages\/2","targetHints":{"allow":["GET"]}}],"collection":[{"href":"https:\/\/occitania-football.com\/index.php\/wp-json\/wp\/v2\/pages"}],"about":[{"href":"https:\/\/occitania-football.com\/index.php\/wp-json\/wp\/v2\/types\/page"}],"author":[{"embeddable":true,"href":"https:\/\/occitania-football.com\/index.php\/wp-json\/wp\/v2\/users\/1"}],"replies":[{"embeddable":true,"href":"https:\/\/occitania-football.com\/index.php\/wp-json\/wp\/v2\/comments?post=2"}],"version-history":[{"count":8,"href":"https:\/\/occitania-football.com\/index.php\/wp-json\/wp\/v2\/pages\/2\/revisions"}],"predecessor-version":[{"id":46,"href":"https:\/\/occitania-football.com\/index.php\/wp-json\/wp\/v2\/pages\/2\/revisions\/46"}],"wp:attachment":[{"href":"https:\/\/occitania-football.com\/index.php\/wp-json\/wp\/v2\/media?parent=2"}],"curies":[{"name":"wp","href":"https:\/\/api.w.org\/{rel}","templated":true}]}}