{"id":47,"date":"2024-04-15T16:28:32","date_gmt":"2024-04-15T14:28:32","guid":{"rendered":"https:\/\/occitania-football.com\/?page_id=47"},"modified":"2024-04-15T16:40:05","modified_gmt":"2024-04-15T14:40:05","slug":"ques-aquo","status":"publish","type":"page","link":"https:\/\/occitania-football.com\/index.php\/ques-aquo\/","title":{"rendered":"Qu&rsquo;es aquo"},"content":{"rendered":"<p>[et_pb_section fb_built=\u00a0\u00bb1&Prime; _builder_version=\u00a0\u00bb4.24.3&Prime; background_image=\u00a0\u00bbhttp:\/\/occitania-football.com\/wp-content\/uploads\/2024\/04\/equippe-occitanie.webp\u00a0\u00bb min_height=\u00a0\u00bb690px\u00a0\u00bb min_height_tablet=\u00a0\u00bb690px\u00a0\u00bb min_height_phone=\u00a0\u00bb690px\u00a0\u00bb min_height_last_edited=\u00a0\u00bbon|phone\u00a0\u00bb animation_style=\u00a0\u00bbfade\u00a0\u00bb global_colors_info=\u00a0\u00bb{}\u00a0\u00bb][et_pb_row _builder_version=\u00a0\u00bb4.16&Prime; background_size=\u00a0\u00bbinitial\u00a0\u00bb background_position=\u00a0\u00bbtop_left\u00a0\u00bb background_repeat=\u00a0\u00bbrepeat\u00a0\u00bb global_colors_info=\u00a0\u00bb{}\u00a0\u00bb][et_pb_column type=\u00a0\u00bb4_4&Prime; _builder_version=\u00a0\u00bb4.16&Prime; custom_padding=\u00a0\u00bb|||\u00a0\u00bb global_colors_info=\u00a0\u00bb{}\u00a0\u00bb custom_padding__hover=\u00a0\u00bb|||\u00a0\u00bb][et_pb_text _builder_version=\u00a0\u00bb4.24.3&Prime; background_size=\u00a0\u00bbinitial\u00a0\u00bb background_position=\u00a0\u00bbtop_left\u00a0\u00bb background_repeat=\u00a0\u00bbrepeat\u00a0\u00bb custom_margin=\u00a0\u00bb280px|||||\u00a0\u00bb global_colors_info=\u00a0\u00bb{}\u00a0\u00bb]<!-- divi:paragraph --><\/p>\n<p style=\"text-align: center;\"><span style=\"font-size: xx-large;\"><strong><span style=\"color: #ffffff;\">\u201cOsca Occit\u00e0nia\u201d<\/span><\/strong><\/span><\/p>\n<p><!-- \/divi:paragraph -->[\/et_pb_text][\/et_pb_column][\/et_pb_row][et_pb_row _builder_version=\u00a0\u00bb4.24.3&Prime; _module_preset=\u00a0\u00bbdefault\u00a0\u00bb custom_margin=\u00a0\u00bb||||false|false\u00a0\u00bb global_colors_info=\u00a0\u00bb{}\u00a0\u00bb][et_pb_column type=\u00a0\u00bb4_4&Prime; _builder_version=\u00a0\u00bb4.24.3&Prime; _module_preset=\u00a0\u00bbdefault\u00a0\u00bb global_colors_info=\u00a0\u00bb{}\u00a0\u00bb][et_pb_image src=\u00a0\u00bbhttp:\/\/occitania-football.com\/wp-content\/uploads\/2024\/04\/Logo-AOF-couleur-estampille.png\u00a0\u00bb title_text=\u00a0\u00bbLogo AOF couleur estampille\u00a0\u00bb show_bottom_space=\u00a0\u00bboff\u00a0\u00bb align=\u00a0\u00bbcenter\u00a0\u00bb _builder_version=\u00a0\u00bb4.24.3&Prime; _module_preset=\u00a0\u00bbdefault\u00a0\u00bb min_height=\u00a0\u00bb179px\u00a0\u00bb custom_margin=\u00a0\u00bb||-90px||false|false\u00a0\u00bb custom_padding=\u00a0\u00bb||||false|false\u00a0\u00bb global_colors_info=\u00a0\u00bb{}\u00a0\u00bb][\/et_pb_image][\/et_pb_column][\/et_pb_row][\/et_pb_section][et_pb_section fb_built=\u00a0\u00bb1&Prime; _builder_version=\u00a0\u00bb4.16&Prime; global_colors_info=\u00a0\u00bb{}\u00a0\u00bb][et_pb_row _builder_version=\u00a0\u00bb4.24.3&Prime; background_size=\u00a0\u00bbinitial\u00a0\u00bb background_position=\u00a0\u00bbtop_left\u00a0\u00bb background_repeat=\u00a0\u00bbrepeat\u00a0\u00bb custom_margin=\u00a0\u00bb79px|auto||auto||\u00a0\u00bb custom_margin_tablet=\u00a0\u00bb49px||||false|false\u00a0\u00bb custom_margin_phone=\u00a0\u00bb59px||||false|false\u00a0\u00bb custom_margin_last_edited=\u00a0\u00bbon|phone\u00a0\u00bb global_colors_info=\u00a0\u00bb{}\u00a0\u00bb][et_pb_column type=\u00a0\u00bb4_4&Prime; _builder_version=\u00a0\u00bb4.16&Prime; custom_padding=\u00a0\u00bb|||\u00a0\u00bb global_colors_info=\u00a0\u00bb{}\u00a0\u00bb custom_padding__hover=\u00a0\u00bb|||\u00a0\u00bb][et_pb_text _builder_version=\u00a0\u00bb4.24.3&Prime; background_size=\u00a0\u00bbinitial\u00a0\u00bb background_position=\u00a0\u00bbtop_left\u00a0\u00bb background_repeat=\u00a0\u00bbrepeat\u00a0\u00bb hover_enabled=\u00a0\u00bb0&Prime; global_colors_info=\u00a0\u00bb{}\u00a0\u00bb sticky_enabled=\u00a0\u00bb0&Prime;]<!-- divi:paragraph --><span style=\"font-size: x-large;\"><strong>QU\u2019ES AQUO ?<\/strong><\/span>[\/et_pb_text][et_pb_text _builder_version=\u00a0\u00bb4.16&Prime; background_size=\u00a0\u00bbinitial\u00a0\u00bb background_position=\u00a0\u00bbtop_left\u00a0\u00bb background_repeat=\u00a0\u00bbrepeat\u00a0\u00bb global_colors_info=\u00a0\u00bb{}\u00a0\u00bb]<!-- divi:paragraph --><\/p>\n<p>L\u2019Occitanie est un territoire repr\u00e9sentant environ 40% de la surface de la France, auquel s\u2019ajoutent une partie ib\u00e9rique (Val d\u2019Aran) et une partie italienne (Vall\u00e9es de Ligurie et Pi\u00e9mont). Quatre r\u00e9gions administratives actuelles, rassembl\u00e9es dans le sud de la France, sont incluses dans ce territoire.<\/p>\n<p>La langue occitane, comme pour le Fran\u00e7ais, poss\u00e8de une origine latine mais se r\u00e9partit en quatre groupes dialectaux : le gascon, le languedocien, le proven\u00e7al et le nord-occitan.<\/p>\n<p>L\u2019Occitan est aujourd\u2019hui enseign\u00e9 dans les calandretas, \u00e9coles associatives de statut priv\u00e9. L\u2019Institut d\u2019\u00c9tudes Occitanes (I.E.O) favorise le d\u00e9veloppement de la langue et de la culture dans leur ensemble.<\/p>\n<p>L\u2019un des objectifs de l\u2019Association est de promouvoir ses traditions linguistiques et culturelles au gr\u00e9 des manifestations sportives organis\u00e9es en France ou \u00e0 l\u2019\u00e9tranger.<\/p>\n<p>[\/et_pb_text][\/et_pb_column][\/et_pb_row][et_pb_row _builder_version=\u00a0\u00bb4.24.3&Prime; _module_preset=\u00a0\u00bbdefault\u00a0\u00bb global_colors_info=\u00a0\u00bb{}\u00a0\u00bb][et_pb_column type=\u00a0\u00bb4_4&Prime; _builder_version=\u00a0\u00bb4.24.3&Prime; _module_preset=\u00a0\u00bbdefault\u00a0\u00bb global_colors_info=\u00a0\u00bb{}\u00a0\u00bb][et_pb_image src=\u00a0\u00bbhttp:\/\/occitania-football.com\/wp-content\/uploads\/2024\/04\/carte-occitanie.webp\u00a0\u00bb title_text=\u00a0\u00bbcarte occitanie\u00a0\u00bb _builder_version=\u00a0\u00bb4.24.3&Prime; _module_preset=\u00a0\u00bbdefault\u00a0\u00bb custom_margin=\u00a0\u00bb27px|||||\u00a0\u00bb hover_enabled=\u00a0\u00bb0&Prime; global_colors_info=\u00a0\u00bb{}\u00a0\u00bb sticky_enabled=\u00a0\u00bb0&Prime;][\/et_pb_image][\/et_pb_column][\/et_pb_row][\/et_pb_section]<\/p>\n","protected":false},"excerpt":{"rendered":"<p>\u201cOsca Occit\u00e0nia\u201d QU\u2019ES AQUO ? L\u2019Occitanie est un territoire repr\u00e9sentant environ 40% de la surface de la France, auquel s\u2019ajoutent une partie ib\u00e9rique (Val d\u2019Aran) et une partie italienne (Vall\u00e9es de Ligurie et Pi\u00e9mont). Quatre r\u00e9gions administratives actuelles, rassembl\u00e9es dans le sud de la France, sont incluses dans ce territoire. La langue occitane, comme pour [&hellip;]<\/p>\n","protected":false},"author":2,"featured_media":0,"parent":0,"menu_order":0,"comment_status":"closed","ping_status":"closed","template":"","meta":{"_et_pb_use_builder":"on","_et_pb_old_content":"","_et_gb_content_width":"","footnotes":""},"class_list":["post-47","page","type-page","status-publish","hentry"],"_links":{"self":[{"href":"https:\/\/occitania-football.com\/index.php\/wp-json\/wp\/v2\/pages\/47","targetHints":{"allow":["GET"]}}],"collection":[{"href":"https:\/\/occitania-football.com\/index.php\/wp-json\/wp\/v2\/pages"}],"about":[{"href":"https:\/\/occitania-football.com\/index.php\/wp-json\/wp\/v2\/types\/page"}],"author":[{"embeddable":true,"href":"https:\/\/occitania-football.com\/index.php\/wp-json\/wp\/v2\/users\/2"}],"replies":[{"embeddable":true,"href":"https:\/\/occitania-football.com\/index.php\/wp-json\/wp\/v2\/comments?post=47"}],"version-history":[{"count":4,"href":"https:\/\/occitania-football.com\/index.php\/wp-json\/wp\/v2\/pages\/47\/revisions"}],"predecessor-version":[{"id":68,"href":"https:\/\/occitania-football.com\/index.php\/wp-json\/wp\/v2\/pages\/47\/revisions\/68"}],"wp:attachment":[{"href":"https:\/\/occitania-football.com\/index.php\/wp-json\/wp\/v2\/media?parent=47"}],"curies":[{"name":"wp","href":"https:\/\/api.w.org\/{rel}","templated":true}]}}